{"id":240,"date":"2024-09-17T17:26:04","date_gmt":"2024-09-17T20:26:04","guid":{"rendered":"https:\/\/marqtingdigital.com.br\/?page_id=240"},"modified":"2024-09-18T14:24:45","modified_gmt":"2024-09-18T17:24:45","slug":"marqueting-digital","status":"publish","type":"page","link":"https:\/\/marqtingdigital.com.br\/?page_id=240","title":{"rendered":""},"content":{"rendered":"\t\t<div data-elementor-type=\"wp-page\" data-elementor-id=\"240\" class=\"elementor elementor-240\">\n\t\t\t\t<div class=\"elementor-element elementor-element-2b43f2fe e-flex e-con-boxed e-con e-parent\" data-id=\"2b43f2fe\" data-element_type=\"container\" data-e-type=\"container\">\n\t\t\t\t\t<div class=\"e-con-inner\">\n\t\t<div class=\"elementor-element elementor-element-7ec23e0f e-con-full e-flex e-con e-child\" data-id=\"7ec23e0f\" data-element_type=\"container\" data-e-type=\"container\">\n\t\t\t\t<div class=\"elementor-element elementor-element-16d0703b elementor-widget elementor-widget-image\" data-id=\"16d0703b\" data-element_type=\"widget\" data-e-type=\"widget\" data-widget_type=\"image.default\">\n\t\t\t\t<div class=\"elementor-widget-container\">\n\t\t\t\t\t\t\t\t\t\t\t\t\t\t\t\t<a href=\"https:\/\/marqtingdigital.com.br\/\">\n\t\t\t\t\t\t\t<img fetchpriority=\"high\" decoding=\"async\" width=\"800\" height=\"800\" src=\"https:\/\/marqtingdigital.com.br\/wp-content\/uploads\/2024\/09\/Logo-Q-fundo-preto-1024x1024.png\" class=\"attachment-large size-large wp-image-41\" alt=\"\" srcset=\"https:\/\/marqtingdigital.com.br\/wp-content\/uploads\/2024\/09\/Logo-Q-fundo-preto-1024x1024.png 1024w, https:\/\/marqtingdigital.com.br\/wp-content\/uploads\/2024\/09\/Logo-Q-fundo-preto-300x300.png 300w, https:\/\/marqtingdigital.com.br\/wp-content\/uploads\/2024\/09\/Logo-Q-fundo-preto-150x150.png 150w, https:\/\/marqtingdigital.com.br\/wp-content\/uploads\/2024\/09\/Logo-Q-fundo-preto-768x768.png 768w, https:\/\/marqtingdigital.com.br\/wp-content\/uploads\/2024\/09\/Logo-Q-fundo-preto.png 1080w\" sizes=\"(max-width: 800px) 100vw, 800px\" \/>\t\t\t\t\t\t\t\t<\/a>\n\t\t\t\t\t\t\t\t\t\t\t\t\t\t\t<\/div>\n\t\t\t\t<\/div>\n\t\t\t\t<\/div>\n\t\t<div class=\"elementor-element elementor-element-cb6b88e e-con-full e-flex e-con e-child\" data-id=\"cb6b88e\" data-element_type=\"container\" data-e-type=\"container\">\n\t\t\t\t<div class=\"elementor-element elementor-element-4e9e71b2 elementor-widget elementor-widget-heading\" data-id=\"4e9e71b2\" data-element_type=\"widget\" data-e-type=\"widget\" data-widget_type=\"heading.default\">\n\t\t\t\t<div class=\"elementor-widget-container\">\n\t\t\t\t\t<h3 class=\"elementor-heading-title elementor-size-default\">Marketing de Conte\u00fado<\/h3>\t\t\t\t<\/div>\n\t\t\t\t<\/div>\n\t\t\t\t<div class=\"elementor-element elementor-element-5e93d32f elementor-widget elementor-widget-text-editor\" data-id=\"5e93d32f\" data-element_type=\"widget\" data-e-type=\"widget\" data-widget_type=\"text-editor.default\">\n\t\t\t\t<div class=\"elementor-widget-container\">\n\t\t\t\t\t\t\t\t\t<p>\u00c9 simplesmente a cria\u00e7\u00e3o de conte\u00fado como forma de trazer mais tr\u00e1fego, melhorar seu posicionamento nos mecanismos de busca, diminuir o custo de cliques em campanhas de links patrocinados, converter leads em clientes e muito mais\u2026<\/p><p><strong>Marketing de conte\u00fado \u00e9 tudo isso e mais um pouco.<\/strong><\/p><p>O\u00a0<strong>Marketing de Conte\u00fado<\/strong>\u00a0\u00e9 uma das ferramentas mais poderosas para qualquer\u00a0<strong>campanha de marketing digital para empresas<\/strong>, pois usa a\u00a0<b>cria\u00e7\u00e3o de conte\u00fado relevante para trazer visitantes para o site da sua empresa<\/b>.<\/p><p>Qualquer que seja a estrat\u00e9gia digital de uma empresa, seja qual for seu porte,\u00a0<b>envolver o marketing de conte\u00fado\u00a0relevante e valioso significa atrair, envolver e gerar valor para o seu p\u00fablico-alvo<\/b>.<\/p>\t\t\t\t\t\t\t\t<\/div>\n\t\t\t\t<\/div>\n\t\t\t\t<div class=\"elementor-element elementor-element-7cc5a293 elementor-mobile-align-center elementor-widget elementor-widget-button\" data-id=\"7cc5a293\" data-element_type=\"widget\" data-e-type=\"widget\" data-widget_type=\"button.default\">\n\t\t\t\t<div class=\"elementor-widget-container\">\n\t\t\t\t\t\t\t\t\t<div class=\"elementor-button-wrapper\">\n\t\t\t\t\t<a class=\"elementor-button elementor-button-link elementor-size-sm\" href=\"https:\/\/wa.me\/5521998244888\">\n\t\t\t\t\t\t<span class=\"elementor-button-content-wrapper\">\n\t\t\t\t\t\t\t\t\t<span class=\"elementor-button-text\">Entre em contato<\/span>\n\t\t\t\t\t<\/span>\n\t\t\t\t\t<\/a>\n\t\t\t\t<\/div>\n\t\t\t\t\t\t\t\t<\/div>\n\t\t\t\t<\/div>\n\t\t\t\t<\/div>\n\t\t\t\t\t<\/div>\n\t\t\t\t<\/div>\n\t\t\t\t<\/div>\n\t\t","protected":false},"excerpt":{"rendered":"<p>Marketing de Conte\u00fado \u00c9 simplesmente a cria\u00e7\u00e3o de conte\u00fado como forma de trazer mais tr\u00e1fego, melhorar seu posicionamento nos mecanismos de busca, diminuir o custo de cliques em campanhas de links patrocinados, converter leads em clientes e muito mais\u2026 Marketing de conte\u00fado \u00e9 tudo isso e mais um pouco. O\u00a0Marketing de Conte\u00fado\u00a0\u00e9 uma das ferramentas [&hellip;]<\/p>\n","protected":false},"author":2,"featured_media":0,"parent":0,"menu_order":0,"comment_status":"closed","ping_status":"closed","template":"","meta":{"footnotes":""},"class_list":["post-240","page","type-page","status-publish","hentry"],"_links":{"self":[{"href":"https:\/\/marqtingdigital.com.br\/index.php?rest_route=\/wp\/v2\/pages\/240","targetHints":{"allow":["GET"]}}],"collection":[{"href":"https:\/\/marqtingdigital.com.br\/index.php?rest_route=\/wp\/v2\/pages"}],"about":[{"href":"https:\/\/marqtingdigital.com.br\/index.php?rest_route=\/wp\/v2\/types\/page"}],"author":[{"embeddable":true,"href":"https:\/\/marqtingdigital.com.br\/index.php?rest_route=\/wp\/v2\/users\/2"}],"replies":[{"embeddable":true,"href":"https:\/\/marqtingdigital.com.br\/index.php?rest_route=%2Fwp%2Fv2%2Fcomments&post=240"}],"version-history":[{"count":20,"href":"https:\/\/marqtingdigital.com.br\/index.php?rest_route=\/wp\/v2\/pages\/240\/revisions"}],"predecessor-version":[{"id":355,"href":"https:\/\/marqtingdigital.com.br\/index.php?rest_route=\/wp\/v2\/pages\/240\/revisions\/355"}],"wp:attachment":[{"href":"https:\/\/marqtingdigital.com.br\/index.php?rest_route=%2Fwp%2Fv2%2Fmedia&parent=240"}],"curies":[{"name":"wp","href":"https:\/\/api.w.org\/{rel}","templated":true}]}}