{"id":299,"date":"2024-09-17T18:35:06","date_gmt":"2024-09-17T21:35:06","guid":{"rendered":"https:\/\/marqtingdigital.com.br\/?page_id=299"},"modified":"2024-09-18T14:26:47","modified_gmt":"2024-09-18T17:26:47","slug":"gestao-de-redes-sociais-aumente-engajamento-e-vendas","status":"publish","type":"page","link":"https:\/\/marqtingdigital.com.br\/?page_id=299","title":{"rendered":""},"content":{"rendered":"\t\t<div data-elementor-type=\"wp-page\" data-elementor-id=\"299\" class=\"elementor elementor-299\">\n\t\t\t\t<div class=\"elementor-element elementor-element-86bdc14 e-flex e-con-boxed e-con e-parent\" data-id=\"86bdc14\" data-element_type=\"container\" data-e-type=\"container\" data-settings=\"{&quot;background_background&quot;:&quot;classic&quot;}\">\n\t\t\t\t\t<div class=\"e-con-inner\">\n\t\t\t\t<div class=\"elementor-element elementor-element-36e79827 elementor-widget elementor-widget-heading\" data-id=\"36e79827\" data-element_type=\"widget\" data-e-type=\"widget\" data-widget_type=\"heading.default\">\n\t\t\t\t<div class=\"elementor-widget-container\">\n\t\t\t\t\t<h1 class=\"elementor-heading-title elementor-size-default\">Gest\u00e3o de Redes Sociais: <br>\nAumente Engajamento e Vendas<\/h1>\t\t\t\t<\/div>\n\t\t\t\t<\/div>\n\t\t\t\t<div class=\"elementor-element elementor-element-1ce266d4 elementor-align-center elementor-mobile-align-center elementor-widget elementor-widget-button\" data-id=\"1ce266d4\" data-element_type=\"widget\" data-e-type=\"widget\" data-widget_type=\"button.default\">\n\t\t\t\t<div class=\"elementor-widget-container\">\n\t\t\t\t\t\t\t\t\t<div class=\"elementor-button-wrapper\">\n\t\t\t\t\t<a class=\"elementor-button elementor-button-link elementor-size-sm\" href=\"https:\/\/wa.me\/5521998244888\">\n\t\t\t\t\t\t<span class=\"elementor-button-content-wrapper\">\n\t\t\t\t\t\t\t\t\t<span class=\"elementor-button-text\">Entre em contato<\/span>\n\t\t\t\t\t<\/span>\n\t\t\t\t\t<\/a>\n\t\t\t\t<\/div>\n\t\t\t\t\t\t\t\t<\/div>\n\t\t\t\t<\/div>\n\t\t\t\t\t<\/div>\n\t\t\t\t<\/div>\n\t\t<div class=\"elementor-element elementor-element-5c1917b4 e-flex e-con-boxed e-con e-parent\" data-id=\"5c1917b4\" data-element_type=\"container\" data-e-type=\"container\">\n\t\t\t\t\t<div class=\"e-con-inner\">\n\t\t<div class=\"elementor-element elementor-element-8fc1499 e-con-full e-flex e-con e-child\" data-id=\"8fc1499\" data-element_type=\"container\" data-e-type=\"container\">\n\t\t\t\t<div class=\"elementor-element elementor-element-32583d1e elementor-widget elementor-widget-image\" data-id=\"32583d1e\" data-element_type=\"widget\" data-e-type=\"widget\" data-widget_type=\"image.default\">\n\t\t\t\t<div class=\"elementor-widget-container\">\n\t\t\t\t\t\t\t\t\t\t\t\t\t\t\t\t<a href=\"https:\/\/marqtingdigital.com.br\/\">\n\t\t\t\t\t\t\t<img fetchpriority=\"high\" decoding=\"async\" width=\"800\" height=\"800\" src=\"https:\/\/marqtingdigital.com.br\/wp-content\/uploads\/2024\/09\/Logo-Q-fundo-preto-1024x1024.png\" class=\"attachment-large size-large wp-image-41\" alt=\"\" srcset=\"https:\/\/marqtingdigital.com.br\/wp-content\/uploads\/2024\/09\/Logo-Q-fundo-preto-1024x1024.png 1024w, https:\/\/marqtingdigital.com.br\/wp-content\/uploads\/2024\/09\/Logo-Q-fundo-preto-300x300.png 300w, https:\/\/marqtingdigital.com.br\/wp-content\/uploads\/2024\/09\/Logo-Q-fundo-preto-150x150.png 150w, https:\/\/marqtingdigital.com.br\/wp-content\/uploads\/2024\/09\/Logo-Q-fundo-preto-768x768.png 768w, https:\/\/marqtingdigital.com.br\/wp-content\/uploads\/2024\/09\/Logo-Q-fundo-preto.png 1080w\" sizes=\"(max-width: 800px) 100vw, 800px\" \/>\t\t\t\t\t\t\t\t<\/a>\n\t\t\t\t\t\t\t\t\t\t\t\t\t\t\t<\/div>\n\t\t\t\t<\/div>\n\t\t\t\t<\/div>\n\t\t<div class=\"elementor-element elementor-element-881484f e-con-full e-flex e-con e-child\" data-id=\"881484f\" data-element_type=\"container\" data-e-type=\"container\">\n\t\t\t\t<div class=\"elementor-element elementor-element-5d6e7434 elementor-widget elementor-widget-heading\" data-id=\"5d6e7434\" data-element_type=\"widget\" data-e-type=\"widget\" data-widget_type=\"heading.default\">\n\t\t\t\t<div class=\"elementor-widget-container\">\n\t\t\t\t\t<h3 class=\"elementor-heading-title elementor-size-default\">O que \u00e9 Gest\u00e3o de Redes Sociais para Empresas?<\/h3>\t\t\t\t<\/div>\n\t\t\t\t<\/div>\n\t\t\t\t<div class=\"elementor-element elementor-element-49db0f42 elementor-widget elementor-widget-text-editor\" data-id=\"49db0f42\" data-element_type=\"widget\" data-e-type=\"widget\" data-widget_type=\"text-editor.default\">\n\t\t\t\t<div class=\"elementor-widget-container\">\n\t\t\t\t\t\t\t\t\t<p>A gest\u00e3o das redes sociais da sua empresa requer tempo e dedica\u00e7\u00e3o.\u00a0<strong>Se voc\u00ea tenta fazer isso sozinho, pode acabar prejudicando o seu pr\u00f3prio neg\u00f3cio.<\/strong>\u00a0Por isso, vale a pena investir em uma ag\u00eancia especializada.<\/p><p>As redes sociais s\u00e3o uma ferramenta poderosa para conectar as pessoas e as empresas.\u00a0<strong>Em qualquer segmento, uma boa gest\u00e3o de redes sociais pode fazer a diferen\u00e7a no seu sucesso.<\/strong><\/p><p>A Ag\u00eancia MarQting oferece um servi\u00e7o personalizado para cada cliente. Al\u00e9m de criar m\u00eddias de qualidade e conte\u00fado estrat\u00e9gico.<\/p><p><strong>Aumente o engajamento, a visibilidade e suas vendas com an\u00fancios. Relat\u00f3rios mensais sobre a divulga\u00e7\u00e3o do seu produto, servi\u00e7o ou marca.<\/strong><\/p>\t\t\t\t\t\t\t\t<\/div>\n\t\t\t\t<\/div>\n\t\t\t\t<div class=\"elementor-element elementor-element-2d8904eb elementor-mobile-align-center elementor-widget elementor-widget-button\" data-id=\"2d8904eb\" data-element_type=\"widget\" data-e-type=\"widget\" data-widget_type=\"button.default\">\n\t\t\t\t<div class=\"elementor-widget-container\">\n\t\t\t\t\t\t\t\t\t<div class=\"elementor-button-wrapper\">\n\t\t\t\t\t<a class=\"elementor-button elementor-button-link elementor-size-sm\" href=\"https:\/\/wa.me\/5521998244888\">\n\t\t\t\t\t\t<span class=\"elementor-button-content-wrapper\">\n\t\t\t\t\t\t\t\t\t<span class=\"elementor-button-text\">Entre em contato<\/span>\n\t\t\t\t\t<\/span>\n\t\t\t\t\t<\/a>\n\t\t\t\t<\/div>\n\t\t\t\t\t\t\t\t<\/div>\n\t\t\t\t<\/div>\n\t\t\t\t<\/div>\n\t\t\t\t\t<\/div>\n\t\t\t\t<\/div>\n\t\t<div class=\"elementor-element elementor-element-3f7e065c e-con-full e-flex e-con e-parent\" data-id=\"3f7e065c\" data-element_type=\"container\" data-e-type=\"container\" data-settings=\"{&quot;background_background&quot;:&quot;classic&quot;}\">\n\t\t<div class=\"elementor-element elementor-element-1537cb88 e-con-full e-flex e-con e-child\" data-id=\"1537cb88\" data-element_type=\"container\" data-e-type=\"container\">\n\t\t\t\t<div class=\"elementor-element elementor-element-4d33e17b elementor-widget elementor-widget-heading\" data-id=\"4d33e17b\" data-element_type=\"widget\" data-e-type=\"widget\" data-widget_type=\"heading.default\">\n\t\t\t\t<div class=\"elementor-widget-container\">\n\t\t\t\t\t<h2 class=\"elementor-heading-title elementor-size-default\">Chega de ficar perdendo tempo criando posts nas redes sociais<\/h2>\t\t\t\t<\/div>\n\t\t\t\t<\/div>\n\t\t\t\t<div class=\"elementor-element elementor-element-67e8540d elementor-widget elementor-widget-text-editor\" data-id=\"67e8540d\" data-element_type=\"widget\" data-e-type=\"widget\" data-widget_type=\"text-editor.default\">\n\t\t\t\t<div class=\"elementor-widget-container\">\n\t\t\t\t\t\t\t\t\t<p>A Ag\u00eancia MarQting tem o plano de gest\u00e3o de m\u00eddias sociais para sua empresa.<\/p>\t\t\t\t\t\t\t\t<\/div>\n\t\t\t\t<\/div>\n\t\t\t\t<div class=\"elementor-element elementor-element-754761ce elementor-align-left elementor-mobile-align-center elementor-tablet-align-center elementor-button-info elementor-widget elementor-widget-button\" data-id=\"754761ce\" data-element_type=\"widget\" data-e-type=\"widget\" data-widget_type=\"button.default\">\n\t\t\t\t<div class=\"elementor-widget-container\">\n\t\t\t\t\t\t\t\t\t<div class=\"elementor-button-wrapper\">\n\t\t\t\t\t<a class=\"elementor-button elementor-button-link elementor-size-sm elementor-animation-grow\" href=\"https:\/\/wa.me\/5521998244888\">\n\t\t\t\t\t\t<span class=\"elementor-button-content-wrapper\">\n\t\t\t\t\t\t\t\t\t<span class=\"elementor-button-text\">Fa\u00e7a um or\u00e7amento gratuito<\/span>\n\t\t\t\t\t<\/span>\n\t\t\t\t\t<\/a>\n\t\t\t\t<\/div>\n\t\t\t\t\t\t\t\t<\/div>\n\t\t\t\t<\/div>\n\t\t\t\t<\/div>\n\t\t\t\t<div class=\"elementor-element elementor-element-552ca5a1 elementor-widget__width-initial elementor-widget-tablet__width-inherit elementor-widget elementor-widget-image\" data-id=\"552ca5a1\" data-element_type=\"widget\" data-e-type=\"widget\" data-widget_type=\"image.default\">\n\t\t\t\t<div class=\"elementor-widget-container\">\n\t\t\t\t\t\t\t\t\t\t\t\t\t\t\t<img decoding=\"async\" width=\"800\" height=\"532\" src=\"https:\/\/marqtingdigital.com.br\/wp-content\/uploads\/2024\/09\/high-angle-girl-holding-smartphone-1024x681.jpg\" class=\"attachment-large size-large wp-image-309\" alt=\"\" srcset=\"https:\/\/marqtingdigital.com.br\/wp-content\/uploads\/2024\/09\/high-angle-girl-holding-smartphone-1024x681.jpg 1024w, https:\/\/marqtingdigital.com.br\/wp-content\/uploads\/2024\/09\/high-angle-girl-holding-smartphone-300x200.jpg 300w, https:\/\/marqtingdigital.com.br\/wp-content\/uploads\/2024\/09\/high-angle-girl-holding-smartphone-768x511.jpg 768w, https:\/\/marqtingdigital.com.br\/wp-content\/uploads\/2024\/09\/high-angle-girl-holding-smartphone-1536x1022.jpg 1536w, https:\/\/marqtingdigital.com.br\/wp-content\/uploads\/2024\/09\/high-angle-girl-holding-smartphone-2048x1363.jpg 2048w\" sizes=\"(max-width: 800px) 100vw, 800px\" \/>\t\t\t\t\t\t\t\t\t\t\t\t\t\t\t<\/div>\n\t\t\t\t<\/div>\n\t\t\t\t<\/div>\n\t\t\t\t<\/div>\n\t\t","protected":false},"excerpt":{"rendered":"<p>Gest\u00e3o de Redes Sociais: Aumente Engajamento e Vendas Entre em contato O que \u00e9 Gest\u00e3o de Redes Sociais para Empresas? A gest\u00e3o das redes sociais da sua empresa requer tempo e dedica\u00e7\u00e3o.\u00a0Se voc\u00ea tenta fazer isso sozinho, pode acabar prejudicando o seu pr\u00f3prio neg\u00f3cio.\u00a0Por isso, vale a pena investir em uma ag\u00eancia especializada. As redes [&hellip;]<\/p>\n","protected":false},"author":2,"featured_media":0,"parent":0,"menu_order":0,"comment_status":"closed","ping_status":"closed","template":"","meta":{"footnotes":""},"class_list":["post-299","page","type-page","status-publish","hentry"],"_links":{"self":[{"href":"https:\/\/marqtingdigital.com.br\/index.php?rest_route=\/wp\/v2\/pages\/299","targetHints":{"allow":["GET"]}}],"collection":[{"href":"https:\/\/marqtingdigital.com.br\/index.php?rest_route=\/wp\/v2\/pages"}],"about":[{"href":"https:\/\/marqtingdigital.com.br\/index.php?rest_route=\/wp\/v2\/types\/page"}],"author":[{"embeddable":true,"href":"https:\/\/marqtingdigital.com.br\/index.php?rest_route=\/wp\/v2\/users\/2"}],"replies":[{"embeddable":true,"href":"https:\/\/marqtingdigital.com.br\/index.php?rest_route=%2Fwp%2Fv2%2Fcomments&post=299"}],"version-history":[{"count":23,"href":"https:\/\/marqtingdigital.com.br\/index.php?rest_route=\/wp\/v2\/pages\/299\/revisions"}],"predecessor-version":[{"id":361,"href":"https:\/\/marqtingdigital.com.br\/index.php?rest_route=\/wp\/v2\/pages\/299\/revisions\/361"}],"wp:attachment":[{"href":"https:\/\/marqtingdigital.com.br\/index.php?rest_route=%2Fwp%2Fv2%2Fmedia&parent=299"}],"curies":[{"name":"wp","href":"https:\/\/api.w.org\/{rel}","templated":true}]}}