{"id":369,"date":"2024-09-24T11:19:31","date_gmt":"2024-09-24T14:19:31","guid":{"rendered":"https:\/\/marqtingdigital.com.br\/?page_id=369"},"modified":"2024-09-24T11:35:52","modified_gmt":"2024-09-24T14:35:52","slug":"elementor-369","status":"publish","type":"page","link":"https:\/\/marqtingdigital.com.br\/?page_id=369","title":{"rendered":""},"content":{"rendered":"\t\t<div data-elementor-type=\"wp-page\" data-elementor-id=\"369\" class=\"elementor elementor-369\">\n\t\t\t\t<div class=\"elementor-element elementor-element-1e515cc2 e-flex e-con-boxed e-con e-parent\" data-id=\"1e515cc2\" data-element_type=\"container\" data-e-type=\"container\">\n\t\t\t\t\t<div class=\"e-con-inner\">\n\t\t<div class=\"elementor-element elementor-element-2278dbab e-con-full e-flex e-con e-child\" data-id=\"2278dbab\" data-element_type=\"container\" data-e-type=\"container\">\n\t\t\t\t<div class=\"elementor-element elementor-element-13df62b7 elementor-widget elementor-widget-image\" data-id=\"13df62b7\" data-element_type=\"widget\" data-e-type=\"widget\" data-widget_type=\"image.default\">\n\t\t\t\t<div class=\"elementor-widget-container\">\n\t\t\t\t\t\t\t\t\t\t\t\t\t\t\t<img fetchpriority=\"high\" decoding=\"async\" width=\"800\" height=\"800\" src=\"https:\/\/marqtingdigital.com.br\/wp-content\/uploads\/2024\/09\/Logo-Q-fundo-preto-1024x1024.png\" class=\"attachment-large size-large wp-image-41\" alt=\"\" srcset=\"https:\/\/marqtingdigital.com.br\/wp-content\/uploads\/2024\/09\/Logo-Q-fundo-preto-1024x1024.png 1024w, https:\/\/marqtingdigital.com.br\/wp-content\/uploads\/2024\/09\/Logo-Q-fundo-preto-300x300.png 300w, https:\/\/marqtingdigital.com.br\/wp-content\/uploads\/2024\/09\/Logo-Q-fundo-preto-150x150.png 150w, https:\/\/marqtingdigital.com.br\/wp-content\/uploads\/2024\/09\/Logo-Q-fundo-preto-768x768.png 768w, https:\/\/marqtingdigital.com.br\/wp-content\/uploads\/2024\/09\/Logo-Q-fundo-preto.png 1080w\" sizes=\"(max-width: 800px) 100vw, 800px\" \/>\t\t\t\t\t\t\t\t\t\t\t\t\t\t\t<\/div>\n\t\t\t\t<\/div>\n\t\t\t\t<\/div>\n\t\t<div class=\"elementor-element elementor-element-573f736a e-con-full e-flex e-con e-child\" data-id=\"573f736a\" data-element_type=\"container\" data-e-type=\"container\">\n\t\t\t\t<div class=\"elementor-element elementor-element-6689e495 elementor-widget elementor-widget-heading\" data-id=\"6689e495\" data-element_type=\"widget\" data-e-type=\"widget\" data-widget_type=\"heading.default\">\n\t\t\t\t<div class=\"elementor-widget-container\">\n\t\t\t\t\t<h3 class=\"elementor-heading-title elementor-size-default\">Gest\u00e3o de Campanhas Google Ads<\/h3>\t\t\t\t<\/div>\n\t\t\t\t<\/div>\n\t\t\t\t<div class=\"elementor-element elementor-element-69a6ff2d elementor-widget elementor-widget-text-editor\" data-id=\"69a6ff2d\" data-element_type=\"widget\" data-e-type=\"widget\" data-widget_type=\"text-editor.default\">\n\t\t\t\t<div class=\"elementor-widget-container\">\n\t\t\t\t\t\t\t\t\t<p><strong>Campanhas Google Ads ou os chamados Links patrocinados (PPC)<\/strong>\u00a0s\u00e3o uma excelente forma de se obter visibilidade atrav\u00e9s de an\u00fancios pagos em mecanismos de busca, portais, blogs e redes sociais. O \u201cPay per click\u201d gera um r\u00e1pido aumento de visitantes para um site, mas deve-se atentar se o retorno compensa o investimento.<\/p><p><em>Fazer uma campanha de Google Ads sem uma an\u00e1lise inicial estrat\u00e9gica \u00e9 jogar dinheiro fora!<\/em><\/p><p>A Ag\u00eancia MarQting Digital se prontifica a atender clientes que necessitam de uma an\u00e1lise e sugest\u00e3o de campanha.<\/p><p>\u00a0<\/p><section class=\"elementor-section elementor-top-section elementor-element elementor-element-21d8da61 elementor-section-boxed elementor-section-height-default elementor-section-height-default\" data-id=\"21d8da61\" data-element_type=\"section\" data-settings=\"{&quot;background_background&quot;:&quot;classic&quot;}\"><div class=\"elementor-container elementor-column-gap-default\"><div class=\"elementor-column elementor-col-100 elementor-top-column elementor-element elementor-element-67fd7d8f\" data-id=\"67fd7d8f\" data-element_type=\"column\"><div class=\"elementor-widget-wrap elementor-element-populated\"><section class=\"elementor-section elementor-inner-section elementor-element elementor-element-70688be4 elementor-section-full_width elementor-section-height-default elementor-section-height-default\" data-id=\"70688be4\" data-element_type=\"section\"><div class=\"elementor-container elementor-column-gap-default\"><div class=\"elementor-column elementor-col-100 elementor-inner-column elementor-element elementor-element-4fb8253\" data-id=\"4fb8253\" data-element_type=\"column\"><div class=\"elementor-widget-wrap elementor-element-populated\"><div class=\"elementor-element elementor-element-58fa7e89 elementor-widget elementor-widget-heading\" data-id=\"58fa7e89\" data-element_type=\"widget\" data-widget_type=\"heading.default\"><div class=\"elementor-widget-container\"><h4 class=\"elementor-heading-title elementor-size-default\">Como funciona a Gest\u00e3o de Campanhas no Google para Empresas<\/h4><\/div><\/div><\/div><\/div><\/div><\/section><div class=\"elementor-element elementor-element-11a5cc3 elementor-widget elementor-widget-text-editor\" data-id=\"11a5cc3\" data-element_type=\"widget\" data-widget_type=\"text-editor.default\"><div class=\"elementor-widget-container\"><p>A\u00a0<strong>Ag\u00eancia MarQting Digital<\/strong>\u00a0define junto com o cliente 2 itens cruciais para o sucesso de uma campanha de links patrocinados:<\/p><ol><li>Defini\u00e7\u00e3o do tipo de campanha e;<\/li><li>An\u00e1lise minuciosa da p\u00e1gina-destino e das informa\u00e7\u00f5es que ser\u00e3o utilizadas nos an\u00fancios<\/li><\/ol><\/div><\/div><\/div><\/div><\/div><\/section><div class=\"elementor-element elementor-element-828412d e-con-full e-flex e-con e-parent e-lazyloaded\" data-id=\"828412d\" data-element_type=\"container\"><div class=\"elementor-element elementor-element-8ad14b2 e-con-full e-flex e-con e-child\" data-id=\"8ad14b2\" data-element_type=\"container\"><div class=\"elementor-element elementor-element-c9b5465 elementor-widget elementor-widget-image\" data-id=\"c9b5465\" data-element_type=\"widget\" data-widget_type=\"image.default\">\u00a0<\/div><\/div><\/div>\t\t\t\t\t\t\t\t<\/div>\n\t\t\t\t<\/div>\n\t\t\t\t<div class=\"elementor-element elementor-element-120ef708 elementor-mobile-align-center elementor-widget elementor-widget-button\" data-id=\"120ef708\" data-element_type=\"widget\" data-e-type=\"widget\" data-widget_type=\"button.default\">\n\t\t\t\t<div class=\"elementor-widget-container\">\n\t\t\t\t\t\t\t\t\t<div class=\"elementor-button-wrapper\">\n\t\t\t\t\t<a class=\"elementor-button elementor-button-link elementor-size-sm\" href=\"https:\/\/wa.me\/5521998244888\">\n\t\t\t\t\t\t<span class=\"elementor-button-content-wrapper\">\n\t\t\t\t\t\t\t\t\t<span class=\"elementor-button-text\">Entre em contato<\/span>\n\t\t\t\t\t<\/span>\n\t\t\t\t\t<\/a>\n\t\t\t\t<\/div>\n\t\t\t\t\t\t\t\t<\/div>\n\t\t\t\t<\/div>\n\t\t\t\t<\/div>\n\t\t\t\t\t<\/div>\n\t\t\t\t<\/div>\n\t\t<div class=\"elementor-element elementor-element-7a4a30fe e-con-full e-flex e-con e-parent\" data-id=\"7a4a30fe\" data-element_type=\"container\" data-e-type=\"container\" data-settings=\"{&quot;background_background&quot;:&quot;classic&quot;}\">\n\t\t\t\t<div class=\"elementor-element elementor-element-63efb7b5 elementor-widget__width-initial elementor-widget elementor-widget-image\" data-id=\"63efb7b5\" data-element_type=\"widget\" data-e-type=\"widget\" data-widget_type=\"image.default\">\n\t\t\t\t<div class=\"elementor-widget-container\">\n\t\t\t\t\t\t\t\t\t\t\t\t\t\t\t<img decoding=\"async\" width=\"970\" height=\"611\" src=\"https:\/\/marqtingdigital.com.br\/wp-content\/uploads\/2024\/09\/mockup-resultado-negocios-1.png\" class=\"attachment-full size-full wp-image-379\" alt=\"\" srcset=\"https:\/\/marqtingdigital.com.br\/wp-content\/uploads\/2024\/09\/mockup-resultado-negocios-1.png 970w, https:\/\/marqtingdigital.com.br\/wp-content\/uploads\/2024\/09\/mockup-resultado-negocios-1-300x189.png 300w, https:\/\/marqtingdigital.com.br\/wp-content\/uploads\/2024\/09\/mockup-resultado-negocios-1-768x484.png 768w\" sizes=\"(max-width: 970px) 100vw, 970px\" \/>\t\t\t\t\t\t\t\t\t\t\t\t\t\t\t<\/div>\n\t\t\t\t<\/div>\n\t\t<div class=\"elementor-element elementor-element-392d1735 e-con-full e-flex e-con e-child\" data-id=\"392d1735\" data-element_type=\"container\" data-e-type=\"container\">\n\t\t\t\t<div class=\"elementor-element elementor-element-14c20d95 elementor-widget__width-initial elementor-widget elementor-widget-heading\" data-id=\"14c20d95\" data-element_type=\"widget\" data-e-type=\"widget\" data-widget_type=\"heading.default\">\n\t\t\t\t<div class=\"elementor-widget-container\">\n\t\t\t\t\t<p class=\"elementor-heading-title elementor-size-default\">Por que Campanhas de Google Ads?<\/p>\t\t\t\t<\/div>\n\t\t\t\t<\/div>\n\t\t\t\t<div class=\"elementor-element elementor-element-3edad8a2 elementor-widget elementor-widget-heading\" data-id=\"3edad8a2\" data-element_type=\"widget\" data-e-type=\"widget\" data-widget_type=\"heading.default\">\n\t\t\t\t<div class=\"elementor-widget-container\">\n\t\t\t\t\t<h6 class=\"elementor-heading-title elementor-size-default\">A Ag\u00eancia MarQting Digital trabalha com princ\u00edpios simples na gest\u00e3o de campanhas no Google para empresas de qualquer porte:<\/h6>\t\t\t\t<\/div>\n\t\t\t\t<\/div>\n\t\t\t\t<div class=\"elementor-element elementor-element-74a099f6 elementor-widget__width-initial elementor-widget elementor-widget-text-editor\" data-id=\"74a099f6\" data-element_type=\"widget\" data-e-type=\"widget\" data-widget_type=\"text-editor.default\">\n\t\t\t\t<div class=\"elementor-widget-container\">\n\t\t\t\t\t\t\t\t\t<ul><li>Desenvolver an\u00fancios que estejam de acordo com a necessidade da empresa;<\/li><li>Gerenciar campanhas de forma minuciosa buscando o melhor custo-benef\u00edcio, independente do objetivo da empresa;<\/li><li>Analisar resultados, verificando acertos, erros e fazer os ajustes necess\u00e1rios;<\/li><li>Melhorar ainda mais o custo por clique e convers\u00f5es da campanha.<\/li><\/ul>\t\t\t\t\t\t\t\t<\/div>\n\t\t\t\t<\/div>\n\t\t\t\t<div class=\"elementor-element elementor-element-1c209ab3 elementor-align-left elementor-mobile-align-center elementor-tablet-align-center elementor-invisible elementor-widget elementor-widget-button\" data-id=\"1c209ab3\" data-element_type=\"widget\" data-e-type=\"widget\" data-settings=\"{&quot;_animation&quot;:&quot;fadeInUp&quot;}\" data-widget_type=\"button.default\">\n\t\t\t\t<div class=\"elementor-widget-container\">\n\t\t\t\t\t\t\t\t\t<div class=\"elementor-button-wrapper\">\n\t\t\t\t\t<a class=\"elementor-button elementor-button-link elementor-size-sm elementor-animation-grow\" href=\"https:\/\/wa.me\/5521998244888\">\n\t\t\t\t\t\t<span class=\"elementor-button-content-wrapper\">\n\t\t\t\t\t\t\t\t\t<span class=\"elementor-button-text\">Solicite seu or\u00e7amento<\/span>\n\t\t\t\t\t<\/span>\n\t\t\t\t\t<\/a>\n\t\t\t\t<\/div>\n\t\t\t\t\t\t\t\t<\/div>\n\t\t\t\t<\/div>\n\t\t\t\t<\/div>\n\t\t\t\t<\/div>\n\t\t\t\t<\/div>\n\t\t","protected":false},"excerpt":{"rendered":"<p>Gest\u00e3o de Campanhas Google Ads Campanhas Google Ads ou os chamados Links patrocinados (PPC)\u00a0s\u00e3o uma excelente forma de se obter visibilidade atrav\u00e9s de an\u00fancios pagos em mecanismos de busca, portais, blogs e redes sociais. O \u201cPay per click\u201d gera um r\u00e1pido aumento de visitantes para um site, mas deve-se atentar se o retorno compensa o [&hellip;]<\/p>\n","protected":false},"author":2,"featured_media":0,"parent":0,"menu_order":0,"comment_status":"closed","ping_status":"closed","template":"","meta":{"footnotes":""},"class_list":["post-369","page","type-page","status-publish","hentry"],"_links":{"self":[{"href":"https:\/\/marqtingdigital.com.br\/index.php?rest_route=\/wp\/v2\/pages\/369","targetHints":{"allow":["GET"]}}],"collection":[{"href":"https:\/\/marqtingdigital.com.br\/index.php?rest_route=\/wp\/v2\/pages"}],"about":[{"href":"https:\/\/marqtingdigital.com.br\/index.php?rest_route=\/wp\/v2\/types\/page"}],"author":[{"embeddable":true,"href":"https:\/\/marqtingdigital.com.br\/index.php?rest_route=\/wp\/v2\/users\/2"}],"replies":[{"embeddable":true,"href":"https:\/\/marqtingdigital.com.br\/index.php?rest_route=%2Fwp%2Fv2%2Fcomments&post=369"}],"version-history":[{"count":5,"href":"https:\/\/marqtingdigital.com.br\/index.php?rest_route=\/wp\/v2\/pages\/369\/revisions"}],"predecessor-version":[{"id":383,"href":"https:\/\/marqtingdigital.com.br\/index.php?rest_route=\/wp\/v2\/pages\/369\/revisions\/383"}],"wp:attachment":[{"href":"https:\/\/marqtingdigital.com.br\/index.php?rest_route=%2Fwp%2Fv2%2Fmedia&parent=369"}],"curies":[{"name":"wp","href":"https:\/\/api.w.org\/{rel}","templated":true}]}}