{"id":391,"date":"2024-09-24T11:52:08","date_gmt":"2024-09-24T14:52:08","guid":{"rendered":"https:\/\/marqtingdigital.com.br\/?page_id=391"},"modified":"2024-09-24T11:57:13","modified_gmt":"2024-09-24T14:57:13","slug":"elementor-391","status":"publish","type":"page","link":"https:\/\/marqtingdigital.com.br\/?page_id=391","title":{"rendered":""},"content":{"rendered":"\t\t<div data-elementor-type=\"wp-page\" data-elementor-id=\"391\" class=\"elementor elementor-391\">\n\t\t\t\t<div class=\"elementor-element elementor-element-5db2638b e-flex e-con-boxed e-con e-parent\" data-id=\"5db2638b\" data-element_type=\"container\" data-e-type=\"container\" data-settings=\"{&quot;background_background&quot;:&quot;classic&quot;}\">\n\t\t\t\t\t<div class=\"e-con-inner\">\n\t\t\t\t<div class=\"elementor-element elementor-element-7a85d55c elementor-widget elementor-widget-heading\" data-id=\"7a85d55c\" data-element_type=\"widget\" data-e-type=\"widget\" data-widget_type=\"heading.default\">\n\t\t\t\t<div class=\"elementor-widget-container\">\n\t\t\t\t\t<h1 class=\"elementor-heading-title elementor-size-default\">Marketing para Igrejas<\/h1>\t\t\t\t<\/div>\n\t\t\t\t<\/div>\n\t\t\t\t<div class=\"elementor-element elementor-element-1f350060 elementor-widget elementor-widget-text-editor\" data-id=\"1f350060\" data-element_type=\"widget\" data-e-type=\"widget\" data-widget_type=\"text-editor.default\">\n\t\t\t\t<div class=\"elementor-widget-container\">\n\t\t\t\t\t\t\t\t\t<p>Envolve a cria\u00e7\u00e3o e gest\u00e3o de estrat\u00e9gias de comunica\u00e7\u00e3o online que visam aproximar a comunidade, promover eventos especiais, celebra\u00e7\u00f5es, e fortalecer o relacionamento entre a igreja e seus membros. Isso inclui a cria\u00e7\u00e3o de conte\u00fados relevantes, intera\u00e7\u00e3o nas redes sociais, campanhas de e-mail marketing, e o uso de plataformas digitais para alcan\u00e7ar novos p\u00fablicos e engajar a congrega\u00e7\u00e3o de forma eficiente.<\/p>\t\t\t\t\t\t\t\t<\/div>\n\t\t\t\t<\/div>\n\t\t\t\t<div class=\"elementor-element elementor-element-23560b67 elementor-align-center elementor-mobile-align-center elementor-widget elementor-widget-button\" data-id=\"23560b67\" data-element_type=\"widget\" data-e-type=\"widget\" data-widget_type=\"button.default\">\n\t\t\t\t<div class=\"elementor-widget-container\">\n\t\t\t\t\t\t\t\t\t<div class=\"elementor-button-wrapper\">\n\t\t\t\t\t<a class=\"elementor-button elementor-button-link elementor-size-sm\" href=\"https:\/\/wa.me\/5521998244888\">\n\t\t\t\t\t\t<span class=\"elementor-button-content-wrapper\">\n\t\t\t\t\t\t\t\t\t<span class=\"elementor-button-text\">Entre em contato<\/span>\n\t\t\t\t\t<\/span>\n\t\t\t\t\t<\/a>\n\t\t\t\t<\/div>\n\t\t\t\t\t\t\t\t<\/div>\n\t\t\t\t<\/div>\n\t\t\t\t\t<\/div>\n\t\t\t\t<\/div>\n\t\t<div class=\"elementor-element elementor-element-6ee62804 e-flex e-con-boxed e-con e-parent\" data-id=\"6ee62804\" data-element_type=\"container\" data-e-type=\"container\">\n\t\t\t\t\t<div class=\"e-con-inner\">\n\t\t<div class=\"elementor-element elementor-element-18e6b7dc e-con-full e-flex e-con e-child\" data-id=\"18e6b7dc\" data-element_type=\"container\" data-e-type=\"container\">\n\t\t\t\t<div class=\"elementor-element elementor-element-7ee45f6c elementor-widget elementor-widget-image\" data-id=\"7ee45f6c\" data-element_type=\"widget\" data-e-type=\"widget\" data-widget_type=\"image.default\">\n\t\t\t\t<div class=\"elementor-widget-container\">\n\t\t\t\t\t\t\t\t\t\t\t\t\t\t\t<img fetchpriority=\"high\" decoding=\"async\" width=\"800\" height=\"800\" src=\"https:\/\/marqtingdigital.com.br\/wp-content\/uploads\/2024\/09\/Logo-Q-fundo-preto-1024x1024.png\" class=\"attachment-large size-large wp-image-41\" alt=\"\" srcset=\"https:\/\/marqtingdigital.com.br\/wp-content\/uploads\/2024\/09\/Logo-Q-fundo-preto-1024x1024.png 1024w, https:\/\/marqtingdigital.com.br\/wp-content\/uploads\/2024\/09\/Logo-Q-fundo-preto-300x300.png 300w, https:\/\/marqtingdigital.com.br\/wp-content\/uploads\/2024\/09\/Logo-Q-fundo-preto-150x150.png 150w, https:\/\/marqtingdigital.com.br\/wp-content\/uploads\/2024\/09\/Logo-Q-fundo-preto-768x768.png 768w, https:\/\/marqtingdigital.com.br\/wp-content\/uploads\/2024\/09\/Logo-Q-fundo-preto.png 1080w\" sizes=\"(max-width: 800px) 100vw, 800px\" \/>\t\t\t\t\t\t\t\t\t\t\t\t\t\t\t<\/div>\n\t\t\t\t<\/div>\n\t\t\t\t<\/div>\n\t\t<div class=\"elementor-element elementor-element-278811ff e-con-full e-flex e-con e-child\" data-id=\"278811ff\" data-element_type=\"container\" data-e-type=\"container\">\n\t\t\t\t<div class=\"elementor-element elementor-element-cd81067 elementor-widget elementor-widget-heading\" data-id=\"cd81067\" data-element_type=\"widget\" data-e-type=\"widget\" data-widget_type=\"heading.default\">\n\t\t\t\t<div class=\"elementor-widget-container\">\n\t\t\t\t\t<h3 class=\"elementor-heading-title elementor-size-default\">Marketing para Igrejas<\/h3>\t\t\t\t<\/div>\n\t\t\t\t<\/div>\n\t\t\t\t<div class=\"elementor-element elementor-element-e30d193 elementor-widget elementor-widget-text-editor\" data-id=\"e30d193\" data-element_type=\"widget\" data-e-type=\"widget\" data-widget_type=\"text-editor.default\">\n\t\t\t\t<div class=\"elementor-widget-container\">\n\t\t\t\t\t\t\t\t\t<p>N\u00f3s, da Ag\u00eancia MarQting Digital, desenvolvemos um planejamento estrat\u00e9gico personalizado para cada igreja, levando em considera\u00e7\u00e3o seus objetivos, cultura e necessidades espec\u00edficas. Nossas a\u00e7\u00f5es incluem:<\/p><ul><li>Cria\u00e7\u00e3o de conte\u00fados impactantes para redes sociais, focando em engajamento e dissemina\u00e7\u00e3o da mensagem da igreja.<\/li><li>Gest\u00e3o de campanhas publicit\u00e1rias para promover eventos, como cultos especiais, confer\u00eancias e a\u00e7\u00f5es de caridade.<\/li><li>Produ\u00e7\u00e3o de artes visuais, v\u00eddeos e textos que refor\u00e7am a identidade da igreja.<\/li><li>Monitoramento e an\u00e1lise de resultados, garantindo que as estrat\u00e9gias estejam alcan\u00e7ando os objetivos desejados.<\/li><li>Atendimento via chat ao vivo durante cultos e eventos para acolher novos membros e interagir com a comunidade em tempo real.<\/li><\/ul>\t\t\t\t\t\t\t\t<\/div>\n\t\t\t\t<\/div>\n\t\t\t\t<div class=\"elementor-element elementor-element-33265a3f elementor-mobile-align-center elementor-widget elementor-widget-button\" data-id=\"33265a3f\" data-element_type=\"widget\" data-e-type=\"widget\" data-widget_type=\"button.default\">\n\t\t\t\t<div class=\"elementor-widget-container\">\n\t\t\t\t\t\t\t\t\t<div class=\"elementor-button-wrapper\">\n\t\t\t\t\t<a class=\"elementor-button elementor-button-link elementor-size-sm\" href=\"https:\/\/wa.me\/5521998244888\">\n\t\t\t\t\t\t<span class=\"elementor-button-content-wrapper\">\n\t\t\t\t\t\t\t\t\t<span class=\"elementor-button-text\">Entre em contato<\/span>\n\t\t\t\t\t<\/span>\n\t\t\t\t\t<\/a>\n\t\t\t\t<\/div>\n\t\t\t\t\t\t\t\t<\/div>\n\t\t\t\t<\/div>\n\t\t\t\t<\/div>\n\t\t<div class=\"elementor-element elementor-element-8af8288 e-con-full e-flex e-con e-child\" data-id=\"8af8288\" data-element_type=\"container\" data-e-type=\"container\">\n\t\t\t\t<div class=\"elementor-element elementor-element-78ab086 elementor-widget elementor-widget-heading\" data-id=\"78ab086\" data-element_type=\"widget\" data-e-type=\"widget\" data-widget_type=\"heading.default\">\n\t\t\t\t<div class=\"elementor-widget-container\">\n\t\t\t\t\t<h3 class=\"elementor-heading-title elementor-size-default\">Marketing de Conte\u00fado<\/h3>\t\t\t\t<\/div>\n\t\t\t\t<\/div>\n\t\t\t\t<div class=\"elementor-element elementor-element-1135a7c elementor-widget elementor-widget-text-editor\" data-id=\"1135a7c\" data-element_type=\"widget\" data-e-type=\"widget\" data-widget_type=\"text-editor.default\">\n\t\t\t\t<div class=\"elementor-widget-container\">\n\t\t\t\t\t\t\t\t\t<p>\u00c9 simplesmente a cria\u00e7\u00e3o de conte\u00fado como forma de trazer mais tr\u00e1fego, melhorar seu posicionamento nos mecanismos de busca, diminuir o custo de cliques em campanhas de links patrocinados, converter leads em clientes e muito mais\u2026<\/p><p><strong>Marketing de conte\u00fado \u00e9 tudo isso e mais um pouco.<\/strong><\/p><p>O\u00a0<strong>Marketing de Conte\u00fado<\/strong>\u00a0\u00e9 uma das ferramentas mais poderosas para qualquer\u00a0<strong>campanha de marketing digital para empresas<\/strong>, pois usa a\u00a0<b>cria\u00e7\u00e3o de conte\u00fado relevante para trazer visitantes para o site da sua empresa<\/b>.<\/p><p>Qualquer que seja a estrat\u00e9gia digital de uma empresa, seja qual for seu porte,\u00a0<b>envolver o marketing de conte\u00fado\u00a0relevante e valioso significa atrair, envolver e gerar valor para o seu p\u00fablico-alvo<\/b>.<\/p>\t\t\t\t\t\t\t\t<\/div>\n\t\t\t\t<\/div>\n\t\t\t\t<div class=\"elementor-element elementor-element-2e4e608 elementor-mobile-align-center elementor-widget elementor-widget-button\" data-id=\"2e4e608\" data-element_type=\"widget\" data-e-type=\"widget\" data-widget_type=\"button.default\">\n\t\t\t\t<div class=\"elementor-widget-container\">\n\t\t\t\t\t\t\t\t\t<div class=\"elementor-button-wrapper\">\n\t\t\t\t\t<a class=\"elementor-button elementor-button-link elementor-size-sm\" href=\"https:\/\/wa.me\/5521998244888\">\n\t\t\t\t\t\t<span class=\"elementor-button-content-wrapper\">\n\t\t\t\t\t\t\t\t\t<span class=\"elementor-button-text\">Entre em contato<\/span>\n\t\t\t\t\t<\/span>\n\t\t\t\t\t<\/a>\n\t\t\t\t<\/div>\n\t\t\t\t\t\t\t\t<\/div>\n\t\t\t\t<\/div>\n\t\t\t\t<\/div>\n\t\t\t\t\t<\/div>\n\t\t\t\t<\/div>\n\t\t<div class=\"elementor-element elementor-element-2d50b984 e-con-full e-flex e-con e-parent\" data-id=\"2d50b984\" data-element_type=\"container\" data-e-type=\"container\" data-settings=\"{&quot;background_background&quot;:&quot;classic&quot;}\">\n\t\t\t\t<div class=\"elementor-element elementor-element-4200afb6 elementor-widget elementor-widget-heading\" data-id=\"4200afb6\" data-element_type=\"widget\" data-e-type=\"widget\" data-widget_type=\"heading.default\">\n\t\t\t\t<div class=\"elementor-widget-container\">\n\t\t\t\t\t<h1 class=\"elementor-heading-title elementor-size-default\">Por que sua igreja precisa de marketing digital?<\/h1>\t\t\t\t<\/div>\n\t\t\t\t<\/div>\n\t\t\t\t<div class=\"elementor-element elementor-element-10c1aac0 elementor-widget__width-initial elementor-widget-mobile__width-inherit elementor-widget elementor-widget-text-editor\" data-id=\"10c1aac0\" data-element_type=\"widget\" data-e-type=\"widget\" data-widget_type=\"text-editor.default\">\n\t\t\t\t<div class=\"elementor-widget-container\">\n\t\t\t\t\t\t\t\t\t<p>O mundo digital \u00e9 um ambiente essencial para fortalecer a presen\u00e7a e miss\u00e3o da igreja. Com a ajuda da nossa ag\u00eancia, sua igreja poder\u00e1 expandir sua influ\u00eancia, alcan\u00e7ar novos p\u00fablicos e melhorar a comunica\u00e7\u00e3o com seus membros de forma moderna e eficiente. Al\u00e9m disso, n\u00f3s garantimos que sua mensagem chegue a mais pessoas, ajudando a igreja a crescer espiritualmente e em n\u00famero, ao mesmo tempo que promove eventos e a\u00e7\u00f5es que fazem a diferen\u00e7a na vida da comunidade.<\/p>\t\t\t\t\t\t\t\t<\/div>\n\t\t\t\t<\/div>\n\t\t\t\t<div class=\"elementor-element elementor-element-57ce0437 elementor-align-left elementor-widget elementor-widget-button\" data-id=\"57ce0437\" data-element_type=\"widget\" data-e-type=\"widget\" data-widget_type=\"button.default\">\n\t\t\t\t<div class=\"elementor-widget-container\">\n\t\t\t\t\t\t\t\t\t<div class=\"elementor-button-wrapper\">\n\t\t\t\t\t<a class=\"elementor-button elementor-button-link elementor-size-sm elementor-animation-grow\" href=\"https:\/\/wa.me\/5521998244888\">\n\t\t\t\t\t\t<span class=\"elementor-button-content-wrapper\">\n\t\t\t\t\t\t\t\t\t<span class=\"elementor-button-text\">Solicite or\u00e7amento gratuito<\/span>\n\t\t\t\t\t<\/span>\n\t\t\t\t\t<\/a>\n\t\t\t\t<\/div>\n\t\t\t\t\t\t\t\t<\/div>\n\t\t\t\t<\/div>\n\t\t\t\t<\/div>\n\t\t\t\t<\/div>\n\t\t","protected":false},"excerpt":{"rendered":"<p>Marketing para Igrejas Envolve a cria\u00e7\u00e3o e gest\u00e3o de estrat\u00e9gias de comunica\u00e7\u00e3o online que visam aproximar a comunidade, promover eventos especiais, celebra\u00e7\u00f5es, e fortalecer o relacionamento entre a igreja e seus membros. Isso inclui a cria\u00e7\u00e3o de conte\u00fados relevantes, intera\u00e7\u00e3o nas redes sociais, campanhas de e-mail marketing, e o uso de plataformas digitais para alcan\u00e7ar [&hellip;]<\/p>\n","protected":false},"author":2,"featured_media":0,"parent":0,"menu_order":0,"comment_status":"closed","ping_status":"closed","template":"","meta":{"footnotes":""},"class_list":["post-391","page","type-page","status-publish","hentry"],"_links":{"self":[{"href":"https:\/\/marqtingdigital.com.br\/index.php?rest_route=\/wp\/v2\/pages\/391","targetHints":{"allow":["GET"]}}],"collection":[{"href":"https:\/\/marqtingdigital.com.br\/index.php?rest_route=\/wp\/v2\/pages"}],"about":[{"href":"https:\/\/marqtingdigital.com.br\/index.php?rest_route=\/wp\/v2\/types\/page"}],"author":[{"embeddable":true,"href":"https:\/\/marqtingdigital.com.br\/index.php?rest_route=\/wp\/v2\/users\/2"}],"replies":[{"embeddable":true,"href":"https:\/\/marqtingdigital.com.br\/index.php?rest_route=%2Fwp%2Fv2%2Fcomments&post=391"}],"version-history":[{"count":8,"href":"https:\/\/marqtingdigital.com.br\/index.php?rest_route=\/wp\/v2\/pages\/391\/revisions"}],"predecessor-version":[{"id":404,"href":"https:\/\/marqtingdigital.com.br\/index.php?rest_route=\/wp\/v2\/pages\/391\/revisions\/404"}],"wp:attachment":[{"href":"https:\/\/marqtingdigital.com.br\/index.php?rest_route=%2Fwp%2Fv2%2Fmedia&parent=391"}],"curies":[{"name":"wp","href":"https:\/\/api.w.org\/{rel}","templated":true}]}}